{"id":316,"date":"2024-07-05T16:31:17","date_gmt":"2024-07-05T14:31:17","guid":{"rendered":"https:\/\/grootsoft.dev\/services\/"},"modified":"2025-07-24T12:08:09","modified_gmt":"2025-07-24T10:08:09","slug":"usluge","status":"publish","type":"page","link":"https:\/\/grootsoft.dev\/en\/usluge\/","title":{"rendered":"Services"},"content":{"rendered":"<div data-elementor-type=\"wp-page\" data-elementor-id=\"316\" class=\"elementor elementor-316\">\n\t\t\t\t<div class=\"elementor-element elementor-element-a3ab3b7 e-flex e-con-boxed e-con e-parent\" data-id=\"a3ab3b7\" data-element_type=\"container\" data-e-type=\"container\" data-settings=\"{&quot;background_background&quot;:&quot;classic&quot;}\">\n\t\t\t\t\t<div class=\"e-con-inner\">\n\t\t<div class=\"elementor-element elementor-element-7e67c3f e-con-full e-flex e-con e-child\" data-id=\"7e67c3f\" data-element_type=\"container\" data-e-type=\"container\">\n\t\t\t\t<div class=\"elementor-element elementor-element-7017502 elementor-widget__width-initial elementor-widget elementor-widget-heading\" data-id=\"7017502\" data-element_type=\"widget\" data-e-type=\"widget\" data-widget_type=\"heading.default\">\n\t\t\t\t<div class=\"elementor-widget-container\">\n\t\t\t\t\t<h3 class=\"elementor-heading-title elementor-size-default\">Pove\u0107ajte efikasnost i postignite uspeh<\/h3>\t\t\t\t<\/div>\n\t\t\t\t<\/div>\n\t\t\t\t<div class=\"elementor-element elementor-element-d9a989a elementor-widget elementor-widget-heading\" data-id=\"d9a989a\" data-element_type=\"widget\" data-e-type=\"widget\" data-widget_type=\"heading.default\">\n\t\t\t\t<div class=\"elementor-widget-container\">\n\t\t\t\t\t<div class=\"elementor-heading-title elementor-size-default\">Profesionalna Izrada Sajtova: Unapredite Svoje Online Prisustvo<\/div>\t\t\t\t<\/div>\n\t\t\t\t<\/div>\n\t\t\t\t<\/div>\n\t\t\t\t\t<\/div>\n\t\t\t\t<\/div>\n\t\t\t\t<section class=\"elementor-section elementor-top-section elementor-element elementor-element-a9a43e4 elementor-section-content-middle elementor-section-boxed elementor-section-height-default elementor-section-height-default\" data-id=\"a9a43e4\" data-element_type=\"section\" data-e-type=\"section\" data-settings=\"{&quot;background_background&quot;:&quot;classic&quot;}\">\n\t\t\t\t\t\t\t<div class=\"elementor-background-overlay\"><\/div>\n\t\t\t\t\t\t\t<div class=\"elementor-container elementor-column-gap-no\">\n\t\t\t\t\t<div class=\"elementor-column elementor-col-50 elementor-top-column elementor-element elementor-element-b77a5dd\" data-id=\"b77a5dd\" data-element_type=\"column\" data-e-type=\"column\">\n\t\t\t<div class=\"elementor-widget-wrap elementor-element-populated\">\n\t\t\t\t\t\t<div class=\"elementor-element elementor-element-a214a3e elementor-widget elementor-widget-heading\" data-id=\"a214a3e\" data-element_type=\"widget\" data-e-type=\"widget\" data-widget_type=\"heading.default\">\n\t\t\t\t<div class=\"elementor-widget-container\">\n\t\t\t\t\t<h6 class=\"elementor-heading-title elementor-size-default\">POslovanje<\/h6>\t\t\t\t<\/div>\n\t\t\t\t<\/div>\n\t\t\t\t<div class=\"elementor-element elementor-element-f282360 elementor-widget elementor-widget-heading\" data-id=\"f282360\" data-element_type=\"widget\" data-e-type=\"widget\" data-widget_type=\"heading.default\">\n\t\t\t\t<div class=\"elementor-widget-container\">\n\t\t\t\t\t<h2 class=\"elementor-heading-title elementor-size-default\">Take Your Business to the Next Level<\/h2>\t\t\t\t<\/div>\n\t\t\t\t<\/div>\n\t\t\t\t<div class=\"elementor-element elementor-element-c5b0770 elementor-widget elementor-widget-text-editor\" data-id=\"c5b0770\" data-element_type=\"widget\" data-e-type=\"widget\" data-widget_type=\"text-editor.default\">\n\t\t\t\t<div class=\"elementor-widget-container\">\n\t\t\t\t\t\t\t\t\t<p>Transformi\u0161ite svoje poslovanje i dostignite nove visine uz inovativna re\u0161enja koja \u0107e unaprediti va\u0161u efikasnost i konkurentnost na tr\u017ei\u0161tu uz na\u0161e usluge.<\/p>\t\t\t\t\t\t\t\t<\/div>\n\t\t\t\t<\/div>\n\t\t\t\t\t<\/div>\n\t\t<\/div>\n\t\t\t\t<div class=\"elementor-column elementor-col-25 elementor-top-column elementor-element elementor-element-1609061\" data-id=\"1609061\" data-element_type=\"column\" data-e-type=\"column\">\n\t\t\t<div class=\"elementor-widget-wrap elementor-element-populated\">\n\t\t\t\t\t\t<div class=\"elementor-element elementor-element-6c38ac8 elementor-widget__width-inherit elementor-widget-mobile__width-inherit elementor-view-default elementor-position-block-start elementor-mobile-position-block-start elementor-widget elementor-widget-icon-box\" data-id=\"6c38ac8\" data-element_type=\"widget\" data-e-type=\"widget\" data-widget_type=\"icon-box.default\">\n\t\t\t\t<div class=\"elementor-widget-container\">\n\t\t\t\t\t\t\t<div class=\"elementor-icon-box-wrapper\">\n\n\t\t\t\t\t\t<div class=\"elementor-icon-box-icon\">\n\t\t\t\t<a href=\"#\" class=\"elementor-icon\" tabindex=\"-1\" aria-label=\"eCommerce Shop\">\n\t\t\t\t<svg aria-hidden=\"true\" class=\"e-font-icon-svg e-fas-network-wired\" viewbox=\"0 0 640 512\" xmlns=\"http:\/\/www.w3.org\/2000\/svg\"><path d=\"M640 264v-16c0-8.84-7.16-16-16-16H344v-40h72c17.67 0 32-14.33 32-32V32c0-17.67-14.33-32-32-32H224c-17.67 0-32 14.33-32 32v128c0 17.67 14.33 32 32 32h72v40H16c-8.84 0-16 7.16-16 16v16c0 8.84 7.16 16 16 16h104v40H64c-17.67 0-32 14.33-32 32v128c0 17.67 14.33 32 32 32h160c17.67 0 32-14.33 32-32V352c0-17.67-14.33-32-32-32h-56v-40h304v40h-56c-17.67 0-32 14.33-32 32v128c0 17.67 14.33 32 32 32h160c17.67 0 32-14.33 32-32V352c0-17.67-14.33-32-32-32h-56v-40h104c8.84 0 16-7.16 16-16zM256 128V64h128v64H256zm-64 320H96v-64h96v64zm352 0h-96v-64h96v64z\"><\/path><\/svg>\t\t\t\t<\/a>\n\t\t\t<\/div>\n\t\t\t\n\t\t\t\t\t\t<div class=\"elementor-icon-box-content\">\n\n\t\t\t\t\t\t\t\t\t<h5 class=\"elementor-icon-box-title\">\n\t\t\t\t\t\t<a href=\"#\" >\n\t\t\t\t\t\t\teCommerce Shop\t\t\t\t\t\t<\/a>\n\t\t\t\t\t<\/h5>\n\t\t\t\t\n\t\t\t\t\n\t\t\t<\/div>\n\t\t\t\n\t\t<\/div>\n\t\t\t\t\t\t<\/div>\n\t\t\t\t<\/div>\n\t\t\t\t<div class=\"elementor-element elementor-element-e845454 elementor-widget__width-inherit elementor-widget-mobile__width-inherit elementor-view-default elementor-position-block-start elementor-mobile-position-block-start elementor-widget elementor-widget-icon-box\" data-id=\"e845454\" data-element_type=\"widget\" data-e-type=\"widget\" data-widget_type=\"icon-box.default\">\n\t\t\t\t<div class=\"elementor-widget-container\">\n\t\t\t\t\t\t\t<div class=\"elementor-icon-box-wrapper\">\n\n\t\t\t\t\t\t<div class=\"elementor-icon-box-icon\">\n\t\t\t\t<a href=\"#\" class=\"elementor-icon\" tabindex=\"-1\" aria-label=\"Buy OnLine\">\n\t\t\t\t<svg aria-hidden=\"true\" class=\"e-font-icon-svg e-fas-globe\" viewbox=\"0 0 496 512\" xmlns=\"http:\/\/www.w3.org\/2000\/svg\"><path d=\"M336.5 160C322 70.7 287.8 8 248 8s-74 62.7-88.5 152h177zM152 256c0 22.2 1.2 43.5 3.3 64h185.3c2.1-20.5 3.3-41.8 3.3-64s-1.2-43.5-3.3-64H155.3c-2.1 20.5-3.3 41.8-3.3 64zm324.7-96c-28.6-67.9-86.5-120.4-158-141.6 24.4 33.8 41.2 84.7 50 141.6h108zM177.2 18.4C105.8 39.6 47.8 92.1 19.3 160h108c8.7-56.9 25.5-107.8 49.9-141.6zM487.4 192H372.7c2.1 21 3.3 42.5 3.3 64s-1.2 43-3.3 64h114.6c5.5-20.5 8.6-41.8 8.6-64s-3.1-43.5-8.5-64zM120 256c0-21.5 1.2-43 3.3-64H8.6C3.2 212.5 0 233.8 0 256s3.2 43.5 8.6 64h114.6c-2-21-3.2-42.5-3.2-64zm39.5 96c14.5 89.3 48.7 152 88.5 152s74-62.7 88.5-152h-177zm159.3 141.6c71.4-21.2 129.4-73.7 158-141.6h-108c-8.8 56.9-25.6 107.8-50 141.6zM19.3 352c28.6 67.9 86.5 120.4 158 141.6-24.4-33.8-41.2-84.7-50-141.6h-108z\"><\/path><\/svg>\t\t\t\t<\/a>\n\t\t\t<\/div>\n\t\t\t\n\t\t\t\t\t\t<div class=\"elementor-icon-box-content\">\n\n\t\t\t\t\t\t\t\t\t<h5 class=\"elementor-icon-box-title\">\n\t\t\t\t\t\t<a href=\"#\" >\n\t\t\t\t\t\t\tBuy OnLine\t\t\t\t\t\t<\/a>\n\t\t\t\t\t<\/h5>\n\t\t\t\t\n\t\t\t\t\n\t\t\t<\/div>\n\t\t\t\n\t\t<\/div>\n\t\t\t\t\t\t<\/div>\n\t\t\t\t<\/div>\n\t\t\t\t\t<\/div>\n\t\t<\/div>\n\t\t\t\t<div class=\"elementor-column elementor-col-25 elementor-top-column elementor-element elementor-element-f60aaca\" data-id=\"f60aaca\" data-element_type=\"column\" data-e-type=\"column\">\n\t\t\t<div class=\"elementor-widget-wrap elementor-element-populated\">\n\t\t\t\t\t\t<div class=\"elementor-element elementor-element-e6aafea elementor-widget__width-inherit elementor-widget-mobile__width-inherit elementor-view-default elementor-position-block-start elementor-mobile-position-block-start elementor-widget elementor-widget-icon-box\" data-id=\"e6aafea\" data-element_type=\"widget\" data-e-type=\"widget\" data-widget_type=\"icon-box.default\">\n\t\t\t\t<div class=\"elementor-widget-container\">\n\t\t\t\t\t\t\t<div class=\"elementor-icon-box-wrapper\">\n\n\t\t\t\t\t\t<div class=\"elementor-icon-box-icon\">\n\t\t\t\t<a href=\"#\" class=\"elementor-icon\" tabindex=\"-1\" aria-label=\"Browser settings\">\n\t\t\t\t<svg aria-hidden=\"true\" class=\"e-font-icon-svg e-fas-chart-line\" viewbox=\"0 0 512 512\" xmlns=\"http:\/\/www.w3.org\/2000\/svg\"><path d=\"M496 384H64V80c0-8.84-7.16-16-16-16H16C7.16 64 0 71.16 0 80v336c0 17.67 14.33 32 32 32h464c8.84 0 16-7.16 16-16v-32c0-8.84-7.16-16-16-16zM464 96H345.94c-21.38 0-32.09 25.85-16.97 40.97l32.4 32.4L288 242.75l-73.37-73.37c-12.5-12.5-32.76-12.5-45.25 0l-68.69 68.69c-6.25 6.25-6.25 16.38 0 22.63l22.62 22.62c6.25 6.25 16.38 6.25 22.63 0L192 237.25l73.37 73.37c12.5 12.5 32.76 12.5 45.25 0l96-96 32.4 32.4c15.12 15.12 40.97 4.41 40.97-16.97V112c.01-8.84-7.15-16-15.99-16z\"><\/path><\/svg>\t\t\t\t<\/a>\n\t\t\t<\/div>\n\t\t\t\n\t\t\t\t\t\t<div class=\"elementor-icon-box-content\">\n\n\t\t\t\t\t\t\t\t\t<h5 class=\"elementor-icon-box-title\">\n\t\t\t\t\t\t<a href=\"#\" >\n\t\t\t\t\t\t\tBrowser settings\t\t\t\t\t\t<\/a>\n\t\t\t\t\t<\/h5>\n\t\t\t\t\n\t\t\t\t\n\t\t\t<\/div>\n\t\t\t\n\t\t<\/div>\n\t\t\t\t\t\t<\/div>\n\t\t\t\t<\/div>\n\t\t\t\t\t<\/div>\n\t\t<\/div>\n\t\t\t\t\t<\/div>\n\t\t<\/section>\n\t\t\t\t<section class=\"elementor-section elementor-top-section elementor-element elementor-element-7ccd6a8 elementor-section-boxed elementor-section-height-default elementor-section-height-default\" data-id=\"7ccd6a8\" data-element_type=\"section\" data-e-type=\"section\" data-settings=\"{&quot;background_background&quot;:&quot;classic&quot;}\">\n\t\t\t\t\t\t<div class=\"elementor-container elementor-column-gap-no\">\n\t\t\t\t\t<div class=\"elementor-column elementor-col-100 elementor-top-column elementor-element elementor-element-e361a82\" data-id=\"e361a82\" data-element_type=\"column\" data-e-type=\"column\">\n\t\t\t<div class=\"elementor-widget-wrap elementor-element-populated\">\n\t\t\t\t\t\t<div class=\"elementor-element elementor-element-3ca6eeb elementor-position-right elementor-vertical-align-middle elementor-widget elementor-widget-image-box\" data-id=\"3ca6eeb\" data-element_type=\"widget\" data-e-type=\"widget\" data-widget_type=\"image-box.default\">\n\t\t\t\t<div class=\"elementor-widget-container\">\n\t\t\t\t\t<div class=\"elementor-image-box-wrapper\"><figure class=\"elementor-image-box-img\"><img fetchpriority=\"high\" decoding=\"async\" width=\"504\" height=\"378\" src=\"https:\/\/grootsoft.dev\/wp-content\/uploads\/2021\/05\/digital-marketing-agency-service-img-1.jpg\" class=\"attachment-full size-full wp-image-790\" alt=\"Usluge\" srcset=\"https:\/\/grootsoft.dev\/wp-content\/uploads\/2021\/05\/digital-marketing-agency-service-img-1.jpg 504w, https:\/\/grootsoft.dev\/wp-content\/uploads\/2021\/05\/digital-marketing-agency-service-img-1-300x225.jpg 300w\" sizes=\"(max-width: 504px) 100vw, 504px\" \/><\/figure><div class=\"elementor-image-box-content\"><h4 class=\"elementor-image-box-title\"><br>Digital Stategy<\/h4><p class=\"elementor-image-box-description\">Profesionalnih izrada sajtova za va\u0161e poslovanje.\n\nU digitalnom svetu, sna\u017eno online prisustvo je klju\u010dno za uspeh svakog biznisa. Na\u0161 tim nudi profesionalnu izradu sajtova koji su dizajnirani da unaprede va\u0161 brend i postignu poslovne ciljeve. Razvijamo digitalne strategije prilago\u0111ene va\u0161em poslovanju i tr\u017ei\u0161tu, kako bi pove\u0107ali anga\u017eman korisnika i omogu\u0107ili odr\u017eiv rast.\n\nIzrade sajtova uklju\u010duje sve od po\u010detnog dizajna do implementacije naprednih funkcionalnosti, uklju\u010duju\u0107i SEO optimizaciju. Fokusiramo se na to da va\u0161 sajt bude funkcionalan, brz i SEO-friendly, kako bi bio lako prepoznatljiv na pretra\u017eiva\u010dima i privukao relevantne posetioce.\n\nSaradnjom sa nama, dobijate ne samo vizuelno privla\u010dan sajt, ve\u0107 i intuitivnu i korisni\u010dki prijatnu platformu koja je jednostavna za kori\u0161\u0107enje. Na\u0161i stru\u010dnjaci optimizuju va\u0161 sajt tako da bude \u0161to efikasniji i konkurentniji u va\u0161oj industriji.\n\nPored izrade sajta, pru\u017eamo i podr\u0161ku u njegovom odr\u017eavanju, a\u017euriranju i daljoj optimizaciji. Na\u0161 cilj je da vam pomognemo da izgradite digitalno prisustvo koje traje.\n\nKontaktirajte nas danas i zapo\u010dnite put ka ve\u0107em online uspehu!<\/p><\/div><\/div>\t\t\t\t<\/div>\n\t\t\t\t<\/div>\n\t\t\t\t<div class=\"elementor-element elementor-element-810310e elementor-position-left elementor-vertical-align-middle elementor-widget elementor-widget-image-box\" data-id=\"810310e\" data-element_type=\"widget\" data-e-type=\"widget\" data-widget_type=\"image-box.default\">\n\t\t\t\t<div class=\"elementor-widget-container\">\n\t\t\t\t\t<div class=\"elementor-image-box-wrapper\"><figure class=\"elementor-image-box-img\"><img decoding=\"async\" width=\"504\" height=\"378\" src=\"https:\/\/grootsoft.dev\/wp-content\/uploads\/2021\/05\/digital-marketing-agency-service-img-4.jpg\" class=\"attachment-full size-full wp-image-791\" alt=\"\" srcset=\"https:\/\/grootsoft.dev\/wp-content\/uploads\/2021\/05\/digital-marketing-agency-service-img-4.jpg 504w, https:\/\/grootsoft.dev\/wp-content\/uploads\/2021\/05\/digital-marketing-agency-service-img-4-300x225.jpg 300w\" sizes=\"(max-width: 504px) 100vw, 504px\" \/><\/figure><div class=\"elementor-image-box-content\"><h4 class=\"elementor-image-box-title\"><br>Search engine optimization (SEO)<\/h4><p class=\"elementor-image-box-description\">Kompletna SEO strategija za pobolj\u0161anje vidljivosti va\u0161eg sajta\n\nNa\u0161a SEO strategija obuhvata sveobuhvatan pristup optimizaciji va\u0161eg sajta, sa ciljem da pobolj\u0161amo njegovu vidljivost na pretra\u017eiva\u010dima poput Google-a. Kroz detaljnu analizu klju\u010dnih re\u010di, optimizaciju sadr\u017eaja, tehni\u010dki SEO i izgradnju kvalitetnih linkova, na\u0161 tim osigurava da va\u0161 sajt bude prepoznatljiv i relevantan za va\u0161u ciljnu publiku.\n\nPrvo analiziramo klju\u010dne re\u010di koje su relevantne za va\u0161e poslovanje i tr\u017ei\u0161te, kako bismo obezbedili da sadr\u017eaj na sajtu bude uskla\u0111en sa pretr\u017eiva\u010dkim upitima potencijalnih korisnika. Zatim, optimizujemo sadr\u017eaj kako bi bio privla\u010dan i korisnicima i pretra\u017eiva\u010dima, \u010dine\u0107i ga relevantnim, informativnim i lakim za \u010ditanje.\n\nTehni\u010dka SEO optimizacija osigurava da va\u0161 sajt bude brz, mobilno prilago\u0111en i lako indeksibilan, \u0161to doprinosi boljoj poziciji na pretra\u017eiva\u010dima. Izgradnja kvalitetnih linkova sa drugih relevantnih sajtova dodatno pobolj\u0161ava autoritet va\u0161eg sajta i pove\u0107ava njegovu rangiranost.\n\nNa\u0161 cilj je da pove\u0107amo organski saobra\u0107aj na va\u0161em sajtu, pobolj\u0161amo rangiranje na pretra\u017eiva\u010dima i osiguramo dugoro\u010dne rezultate. Kontinuirano pratimo i prilago\u0111avamo strategiju kako bismo obezbedili da va\u0161 sajt ostane konkurentan na tr\u017ei\u0161tu.\n\nKontaktirajte nas i dozvolite nam da unapredimo SEO performanse va\u0161eg sajta!<\/p><\/div><\/div>\t\t\t\t<\/div>\n\t\t\t\t<\/div>\n\t\t\t\t<div class=\"elementor-element elementor-element-3c25468 elementor-position-right elementor-vertical-align-middle elementor-widget elementor-widget-image-box\" data-id=\"3c25468\" data-element_type=\"widget\" data-e-type=\"widget\" data-widget_type=\"image-box.default\">\n\t\t\t\t<div class=\"elementor-widget-container\">\n\t\t\t\t\t<div class=\"elementor-image-box-wrapper\"><figure class=\"elementor-image-box-img\"><img decoding=\"async\" width=\"504\" height=\"378\" src=\"https:\/\/grootsoft.dev\/wp-content\/uploads\/2021\/05\/digital-marketing-agency-service-img-2.jpg\" class=\"attachment-full size-full wp-image-792\" alt=\"\" srcset=\"https:\/\/grootsoft.dev\/wp-content\/uploads\/2021\/05\/digital-marketing-agency-service-img-2.jpg 504w, https:\/\/grootsoft.dev\/wp-content\/uploads\/2021\/05\/digital-marketing-agency-service-img-2-300x225.jpg 300w\" sizes=\"(max-width: 504px) 100vw, 504px\" \/><\/figure><div class=\"elementor-image-box-content\"><h4 class=\"elementor-image-box-title\"><br>Advertising<\/h4><p class=\"elementor-image-box-description\">Ciljana reklamna re\u0161enja za unapre\u0111enje va\u0161eg poslovanja\n\nNa\u0161a reklamna re\u0161enja fokusiraju se na stvaranje ciljnih kampanja koje efikasno komuniciraju vrednost va\u0161eg proizvoda. Kroz pa\u017eljivo osmi\u0161ljene strategije, koristimo kombinaciju digitalnih i tradicionalnih kanala kako bismo postigli maksimalan uticaj na va\u0161u ciljnu grupu. Na\u0161 pristup omogu\u0107ava pove\u0107anje prepoznatljivosti brenda, privla\u010denje novih kupaca i ostvarivanje merljivih rezultata koji unapre\u0111uju poslovni uspeh.\n\nKreiramo reklamne kampanje koje su u potpunosti prilago\u0111ene specifi\u010dnostima va\u0161eg brenda i tr\u017ei\u0161ta. Kroz upotrebu razli\u010ditih kanala \u2013 od digitalnih (SEO, dru\u0161tvene mre\u017ee, PPC oglasi) do tradicionalnih (TV, radio, \u0161tampa) \u2013 na\u0161a strategija omogu\u0107ava vam da doprete do \u0161irokog spektra potencijalnih kupaca.\n\nSvaka kampanja je osmi\u0161ljena s ciljem da pove\u0107amo anga\u017eman, generi\u0161emo leadove i pobolj\u0161amo va\u0161u prodaju. Na\u0161 tim kontinuirano prati rezultate i optimizuje kampanje kako bi postigao maksimalan ROI, \u0161to zna\u010di da svaki ulo\u017een dinar donosi konkretne rezultate.\n\nNa\u0161 cilj je da kroz kreativna i efektivna reklamna re\u0161enja unapredimo va\u0161 poslovni uspeh i pomognemo vam da se istaknete na tr\u017ei\u0161tu. Kontaktirajte nas danas i zajedno \u0107emo razviti strategiju koja \u0107e vas odvesti do novih visina uz na\u0161e prilago\u0111ene usluge!<br>\nSajt na kojem radimo je <a href=\"https:\/\/registracijavozila.net\" target=\"_blank\" rel=\"noopener\">HENEX<\/a> grupacije<\/p><\/div><\/div>\t\t\t\t<\/div>\n\t\t\t\t<\/div>\n\t\t\t\t<div class=\"elementor-element elementor-element-5c4dab7 elementor-align-center elementor-widget elementor-widget-button\" data-id=\"5c4dab7\" data-element_type=\"widget\" data-e-type=\"widget\" data-widget_type=\"button.default\">\n\t\t\t\t<div class=\"elementor-widget-container\">\n\t\t\t\t\t\t\t\t\t<div class=\"elementor-button-wrapper\">\n\t\t\t\t\t<a class=\"elementor-button elementor-button-link elementor-size-sm\" href=\"https:\/\/grootsoft.dev\/en\/kontakt\/\">\n\t\t\t\t\t\t<span class=\"elementor-button-content-wrapper\">\n\t\t\t\t\t\t<span class=\"elementor-button-icon\">\n\t\t\t\t<svg aria-hidden=\"true\" class=\"e-font-icon-svg e-fas-mobile-alt\" viewbox=\"0 0 320 512\" xmlns=\"http:\/\/www.w3.org\/2000\/svg\"><path d=\"M272 0H48C21.5 0 0 21.5 0 48v416c0 26.5 21.5 48 48 48h224c26.5 0 48-21.5 48-48V48c0-26.5-21.5-48-48-48zM160 480c-17.7 0-32-14.3-32-32s14.3-32 32-32 32 14.3 32 32-14.3 32-32 32zm112-108c0 6.6-5.4 12-12 12H60c-6.6 0-12-5.4-12-12V60c0-6.6 5.4-12 12-12h200c6.6 0 12 5.4 12 12v312z\"><\/path><\/svg>\t\t\t<\/span>\n\t\t\t\t\t\t\t\t\t<span class=\"elementor-button-text\">KONTAKTIRAJTE NAS<\/span>\n\t\t\t\t\t<\/span>\n\t\t\t\t\t<\/a>\n\t\t\t\t<\/div>\n\t\t\t\t\t\t\t\t<\/div>\n\t\t\t\t<\/div>\n\t\t\t\t\t<\/div>\n\t\t<\/div>\n\t\t\t\t\t<\/div>\n\t\t<\/section>\n\t\t<div class=\"elementor-element elementor-element-065825d e-flex e-con-boxed e-con e-parent\" data-id=\"065825d\" data-element_type=\"container\" data-e-type=\"container\">\n\t\t\t\t\t<div class=\"e-con-inner\">\n\t\t\t\t<div class=\"elementor-element elementor-element-9ab5927 elementor-widget elementor-widget-html\" data-id=\"9ab5927\" data-element_type=\"widget\" data-e-type=\"widget\" data-widget_type=\"html.default\">\n\t\t\t\t<div class=\"elementor-widget-container\">\n\t\t\t\t\t<div id=\"scrollToTop\">\n    <svg width=\"100\" height=\"100\" viewbox=\"0 0 100 100\">\n        <defs>\n            <path id=\"circlePath\" d=\"M 50,50 m -45,0 a 45,45 0 1,0 90,0 a 45,45 0 1,0 -90,0\"><\/path>\n        <\/defs>\n        <text fill=\"white\" font-size=\"10px\" font-weight=\"normal\" letter-spacing=\"3px\">\n            <textpath xlink:href=\"#circlePath\">gRootSoft \u2022 gRootSoft \u2022 gRootSoft \u2022<\/textpath>\n        <\/text>\n    <\/svg>\n    <span id=\"scrollPercentage\">0%<\/span>\n<\/div>\t\t\t\t<\/div>\n\t\t\t\t<\/div>\n\t\t\t\t\t<\/div>\n\t\t\t\t<\/div>\n\t\t\t\t<\/div>","protected":false},"excerpt":{"rendered":"<p>Pove\u0107ajte efikasnost i postignite uspeh Profesionalna Izrada Sajtova: Unapredite Svoje Online Prisustvo POslovanje Podignite Svoje Poslovanje na Vi\u0161i Nivo Transformi\u0161ite svoje poslovanje i dostignite nove visine uz inovativna re\u0161enja koja \u0107e unaprediti va\u0161u efikasnost i konkurentnost na tr\u017ei\u0161tu uz na\u0161e usluge. eCommerce Shop Online Kupovina Pode\u0161avanje pretra\u017eiva\u010da Digitalna Strategija Profesionalnih izrada sajtova za va\u0161e poslovanje. [&hellip;]<\/p>\n","protected":false},"author":1,"featured_media":0,"parent":0,"menu_order":0,"comment_status":"closed","ping_status":"closed","template":"","meta":{"site-sidebar-layout":"no-sidebar","site-content-layout":"page-builder","ast-site-content-layout":"full-width-container","site-content-style":"unboxed","site-sidebar-style":"unboxed","ast-global-header-display":"","ast-banner-title-visibility":"","ast-main-header-display":"","ast-hfb-above-header-display":"","ast-hfb-below-header-display":"","ast-hfb-mobile-header-display":"","site-post-title":"disabled","ast-breadcrumbs-content":"disabled","ast-featured-img":"disabled","footer-sml-layout":"","ast-disable-related-posts":"","theme-transparent-header-meta":"enabled","adv-header-id-meta":"","stick-header-meta":"","header-above-stick-meta":"","header-main-stick-meta":"","header-below-stick-meta":"","astra-migrate-meta-layouts":"set","ast-page-background-enabled":"default","ast-page-background-meta":{"desktop":{"background-color":"","background-image":"","background-repeat":"repeat","background-position":"center center","background-size":"auto","background-attachment":"scroll","background-type":"","background-media":"","overlay-type":"","overlay-color":"","overlay-opacity":"","overlay-gradient":""},"tablet":{"background-color":"","background-image":"","background-repeat":"repeat","background-position":"center center","background-size":"auto","background-attachment":"scroll","background-type":"","background-media":"","overlay-type":"","overlay-color":"","overlay-opacity":"","overlay-gradient":""},"mobile":{"background-color":"","background-image":"","background-repeat":"repeat","background-position":"center center","background-size":"auto","background-attachment":"scroll","background-type":"","background-media":"","overlay-type":"","overlay-color":"","overlay-opacity":"","overlay-gradient":""}},"ast-content-background-meta":{"desktop":{"background-color":"var(--ast-global-color-5)","background-image":"","background-repeat":"repeat","background-position":"center center","background-size":"auto","background-attachment":"scroll","background-type":"","background-media":"","overlay-type":"","overlay-color":"","overlay-opacity":"","overlay-gradient":""},"tablet":{"background-color":"var(--ast-global-color-5)","background-image":"","background-repeat":"repeat","background-position":"center center","background-size":"auto","background-attachment":"scroll","background-type":"","background-media":"","overlay-type":"","overlay-color":"","overlay-opacity":"","overlay-gradient":""},"mobile":{"background-color":"var(--ast-global-color-5)","background-image":"","background-repeat":"repeat","background-position":"center center","background-size":"auto","background-attachment":"scroll","background-type":"","background-media":"","overlay-type":"","overlay-color":"","overlay-opacity":"","overlay-gradient":""}},"footnotes":""},"class_list":["post-316","page","type-page","status-publish","hentry"],"_links":{"self":[{"href":"https:\/\/grootsoft.dev\/en\/wp-json\/wp\/v2\/pages\/316","targetHints":{"allow":["GET"]}}],"collection":[{"href":"https:\/\/grootsoft.dev\/en\/wp-json\/wp\/v2\/pages"}],"about":[{"href":"https:\/\/grootsoft.dev\/en\/wp-json\/wp\/v2\/types\/page"}],"author":[{"embeddable":true,"href":"https:\/\/grootsoft.dev\/en\/wp-json\/wp\/v2\/users\/1"}],"replies":[{"embeddable":true,"href":"https:\/\/grootsoft.dev\/en\/wp-json\/wp\/v2\/comments?post=316"}],"version-history":[{"count":142,"href":"https:\/\/grootsoft.dev\/en\/wp-json\/wp\/v2\/pages\/316\/revisions"}],"predecessor-version":[{"id":2836,"href":"https:\/\/grootsoft.dev\/en\/wp-json\/wp\/v2\/pages\/316\/revisions\/2836"}],"wp:attachment":[{"href":"https:\/\/grootsoft.dev\/en\/wp-json\/wp\/v2\/media?parent=316"}],"curies":[{"name":"wp","href":"https:\/\/api.w.org\/{rel}","templated":true}]}}